{"id":1079,"date":"2015-07-29T13:49:24","date_gmt":"2015-07-29T13:49:24","guid":{"rendered":"https:\/\/blockart-agency.sites.qsandbox.com\/?page_id=11"},"modified":"2025-10-06T19:24:31","modified_gmt":"2025-10-06T19:24:31","slug":"noticias","status":"publish","type":"page","link":"https:\/\/amigosdocasulo.org.br\/index.php\/noticias\/","title":{"rendered":"Projetos"},"content":{"rendered":"\n<div class=\"wp-container-1 wp-block-group\"><div class=\"wp-block-group__inner-container\">\n<div style=\"height:50px\" aria-hidden=\"true\" class=\"wp-block-spacer\"><\/div>\n\n\n\n<h1 class=\"blockart-heading blockart-heading-6e9018e9\">\/Apadrinhamento Financeiro<\/h1>\n\n\n\n<h2 class=\"blockart-heading blockart-heading-f725ce96 is-small\">Muitas crian\u00e7as e adolescentes que vivem em abrigos ou em situa\u00e7\u00e3o de <strong><mark style=\"background-color:rgba(0, 0, 0, 0)\" class=\"has-inline-color has-vivid-cyan-blue-color\">vulnerabilidade<\/mark><\/strong> t\u00eam menos chances de serem <strong><mark style=\"background-color:rgba(0, 0, 0, 0)\" class=\"has-inline-color has-vivid-cyan-blue-color\">adotados<\/mark><\/strong> ou colocados em fam\u00edlias substitutas. \u00c0 medida que envelhecem, as chances de integra\u00e7\u00e3o em um lar definitivo diminuem, o que pode limitar suas oportunidades de desenvolvimento pessoal e profissional. Entretanto, h\u00e1 formas de contribuir para que esses jovens possam trilhar caminhos mais promissores, como o programa de apadrinhamento financeiro.<br><\/h2>\n\n\n\n<div style=\"height:50px\" aria-hidden=\"true\" class=\"wp-block-spacer\"><\/div>\n\n\n\n<figure class=\"blockart-image blockart-image-ca68c0c0\"><img loading=\"lazy\" width=\"1411\" height=\"793\" class=\"wp-image-2734 hover-effect-static filter-none mask mask-none\" src=\"https:\/\/amigosdocasulo.org.br\/wp-content\/uploads\/2025\/10\/apadrinhamento-1.png\" alt=\"\" srcset=\"https:\/\/amigosdocasulo.org.br\/wp-content\/uploads\/2025\/10\/apadrinhamento-1.png 1411w, https:\/\/amigosdocasulo.org.br\/wp-content\/uploads\/2025\/10\/apadrinhamento-1-300x169.png 300w, https:\/\/amigosdocasulo.org.br\/wp-content\/uploads\/2025\/10\/apadrinhamento-1-1024x576.png 1024w, https:\/\/amigosdocasulo.org.br\/wp-content\/uploads\/2025\/10\/apadrinhamento-1-768x432.png 768w\" sizes=\"(max-width: 1411px) 100vw, 1411px\" \/><\/figure>\n\n\n\n<div style=\"height:50px\" aria-hidden=\"true\" class=\"wp-block-spacer\"><\/div>\n\n\n\n<h3 class=\"blockart-heading blockart-heading-6d0e00ac is-small\">Ao apadrinhar financeiramente um adolescente, voc\u00ea estar\u00e1 investindo n\u00e3o apenas em sua educa\u00e7\u00e3o, mas tamb\u00e9m em sua forma\u00e7\u00e3o como cidad\u00e3o. A contribui\u00e7\u00e3o pode ser utilizada para custear cursos de capacita\u00e7\u00e3o, workshops, acesso a eventos culturais e esportivos, al\u00e9m de outras atividades que ajudem a moldar seu futuro. Esse gesto de solidariedade oferece aos jovens a chance de se prepararem para o mercado de trabalho e para a vida adulta, independentemente de uma ado\u00e7\u00e3o formal.<br>Ajudar financeiramente esses adolescentes \u00e9 uma forma de transformar realidades e gerar impacto social, promovendo inclus\u00e3o e igualdade de oportunidades. Com o seu apoio, muitos jovens poder\u00e3o conquistar a autonomia e desenvolver seu potencial ao m\u00e1ximo.<br>Acesse nossa p\u00e1gina de <strong><mark style=\"background-color:rgba(0, 0, 0, 0)\" class=\"has-inline-color has-vivid-cyan-blue-color\"><a href=\"https:\/\/amigosdocasulo.org.br\/index.php\/contact\/\" title=\"Doa\u00e7\u00f5es\">Doa\u00e7\u00f5es<\/a><\/mark><\/strong> e entre em contato conosco para saber como pode ajudar.<br>Inscreva-se pelo canal <strong><mark style=\"background-color:rgba(0, 0, 0, 0)\" class=\"has-inline-color has-vivid-cyan-blue-color\"><a href=\"https:\/\/amigosdocasulo.org.br\/index.php\/contact\/\" title=\"Doa\u00e7\u00f5es\">WhatsApp<\/a><\/mark><\/strong>.<br><\/h3>\n<\/div><\/div>\n\n\n\n<div style=\"height:100px\" aria-hidden=\"true\" class=\"wp-block-spacer\"><\/div>\n\n\n\n<div class=\"wp-block-media-text alignwide has-media-on-the-right is-stacked-on-mobile is-vertically-aligned-top is-image-fill is-style-default\" style=\"grid-template-columns:auto 30%\"><figure class=\"wp-block-media-text__media\" style=\"background-image:url(https:\/\/amigosdocasulo.org.br\/wp-content\/uploads\/2025\/03\/insta.png);background-position:59% 41%\"><img loading=\"lazy\" width=\"446\" height=\"801\" src=\"https:\/\/amigosdocasulo.org.br\/wp-content\/uploads\/2025\/03\/insta.png\" alt=\"\" class=\"wp-image-2607 size-full\" srcset=\"https:\/\/amigosdocasulo.org.br\/wp-content\/uploads\/2025\/03\/insta.png 446w, https:\/\/amigosdocasulo.org.br\/wp-content\/uploads\/2025\/03\/insta-167x300.png 167w\" sizes=\"(max-width: 446px) 100vw, 446px\" \/><\/figure><div class=\"wp-block-media-text__content\">\n<h1 class=\"blockart-heading blockart-heading-4da38c71\">\/Instagram<\/h1>\n\n\n\n<h2 class=\"blockart-heading blockart-heading-86a7727a\">Estamos felizes de anunciar a colabora\u00e7\u00e3o da <strong><mark style=\"background-color:rgba(0, 0, 0, 0)\" class=\"has-inline-color has-vivid-cyan-blue-color\"><a href=\"https:\/\/www.instagram.com\/tsacomunica\/\" target=\"_blank\" rel=\"noopener\" title=\"TSA Comunica\">TSA Comunica<\/a><\/mark><\/strong> !<br>Eles s\u00e3o uma empresa de Marketing e Funil de Vendas para Franquias que ofereceram ajuda na administra\u00e7\u00e3o de posts de nossa <strong><mark style=\"background-color:rgba(0, 0, 0, 0)\" class=\"has-inline-color has-vivid-cyan-blue-color\"><a href=\"https:\/\/www.instagram.com\/casaabrigocasulo\/\" target=\"_blank\" rel=\"noopener\" title=\"\">Rede Social<\/a><\/mark><\/strong> .<br>Pra quem ainda n\u00e3o conhe\u00e7e, clica no link e segue l\u00e1 !<br><strong><mark style=\"background-color:rgba(0, 0, 0, 0)\" class=\"has-inline-color has-vivid-cyan-blue-color\"><a href=\"https:\/\/www.instagram.com\/casaabrigocasulo\/\" target=\"_blank\" rel=\"noopener\" title=\"\">@casaabrigocasulo<\/a><\/mark><\/strong><\/h2>\n<\/div><\/div>\n\n\n\n<div style=\"height:100px\" aria-hidden=\"true\" class=\"wp-block-spacer\"><\/div>\n\n\n\n<div class=\"wp-block-media-text alignwide is-stacked-on-mobile is-vertically-aligned-top is-image-fill is-style-default\" style=\"grid-template-columns:30% auto\"><figure class=\"wp-block-media-text__media\" style=\"background-image:url(http:\/\/amigosdocasulo.org.br\/wp-content\/uploads\/2024\/09\/WhatsApp-Image-2024-08-14-at-12.21.20-1024x1024.jpeg);background-position:48% 27%\"><img loading=\"lazy\" width=\"1024\" height=\"1024\" src=\"http:\/\/amigosdocasulo.org.br\/wp-content\/uploads\/2024\/09\/WhatsApp-Image-2024-08-14-at-12.21.20-1024x1024.jpeg\" alt=\"\" class=\"wp-image-1937 size-full\" srcset=\"https:\/\/amigosdocasulo.org.br\/wp-content\/uploads\/2024\/09\/WhatsApp-Image-2024-08-14-at-12.21.20-1024x1024.jpeg 1024w, https:\/\/amigosdocasulo.org.br\/wp-content\/uploads\/2024\/09\/WhatsApp-Image-2024-08-14-at-12.21.20-300x300.jpeg 300w, https:\/\/amigosdocasulo.org.br\/wp-content\/uploads\/2024\/09\/WhatsApp-Image-2024-08-14-at-12.21.20-150x150.jpeg 150w, https:\/\/amigosdocasulo.org.br\/wp-content\/uploads\/2024\/09\/WhatsApp-Image-2024-08-14-at-12.21.20-768x768.jpeg 768w, https:\/\/amigosdocasulo.org.br\/wp-content\/uploads\/2024\/09\/WhatsApp-Image-2024-08-14-at-12.21.20.jpeg 1080w\" sizes=\"(max-width: 1024px) 100vw, 1024px\" \/><\/figure><div class=\"wp-block-media-text__content\">\n<h1 class=\"blockart-heading blockart-heading-42f068f9\">\/Treinamento e Capacita\u00e7\u00e3o<\/h1>\n\n\n\n<h2 class=\"blockart-heading blockart-heading-66506459\">Anualmente \u00e9 realizado curso de <strong><mark style=\"background-color:rgba(0, 0, 0, 0)\" class=\"has-inline-color has-vivid-cyan-blue-color\">Primeiros Socorros<\/mark><\/strong> para toda a equipe do <strong><mark style=\"background-color:rgba(0, 0, 0, 0)\" class=\"has-inline-color has-vivid-cyan-blue-color\">SAICA <\/mark><\/strong>&#8211; incluindo a manobra HEIMLICH ou manobra de desengasgo 2024 o curso ministrado pelos Bombeiros Volunt\u00e1rios de Nova Odessa.<br>Agradecemos todos os Volut\u00e1rios pelo carinho e aten\u00e7\u00e3o !<br><\/h2>\n<\/div><\/div>\n\n\n\n<div style=\"height:100px\" aria-hidden=\"true\" class=\"wp-block-spacer\"><\/div>\n\n\n\n<div class=\"wp-block-media-text alignwide has-media-on-the-right is-stacked-on-mobile is-vertically-aligned-top is-image-fill is-style-default\" style=\"grid-template-columns:auto 30%\"><figure class=\"wp-block-media-text__media\" style=\"background-image:url(http:\/\/amigosdocasulo.org.br\/wp-content\/uploads\/2024\/09\/WhatsApp-Image-2024-08-02-at-11.29.42-1024x1012.jpeg);background-position:50% 50%\"><img loading=\"lazy\" width=\"1024\" height=\"1012\" src=\"http:\/\/amigosdocasulo.org.br\/wp-content\/uploads\/2024\/09\/WhatsApp-Image-2024-08-02-at-11.29.42-1024x1012.jpeg\" alt=\"\" class=\"wp-image-1938 size-full\" srcset=\"https:\/\/amigosdocasulo.org.br\/wp-content\/uploads\/2024\/09\/WhatsApp-Image-2024-08-02-at-11.29.42-1024x1012.jpeg 1024w, https:\/\/amigosdocasulo.org.br\/wp-content\/uploads\/2024\/09\/WhatsApp-Image-2024-08-02-at-11.29.42-300x296.jpeg 300w, https:\/\/amigosdocasulo.org.br\/wp-content\/uploads\/2024\/09\/WhatsApp-Image-2024-08-02-at-11.29.42-768x759.jpeg 768w, https:\/\/amigosdocasulo.org.br\/wp-content\/uploads\/2024\/09\/WhatsApp-Image-2024-08-02-at-11.29.42.jpeg 1280w\" sizes=\"(max-width: 1024px) 100vw, 1024px\" \/><\/figure><div class=\"wp-block-media-text__content\">\n<h1 class=\"blockart-heading blockart-heading-62974249\">\/Reuni\u00f5es e Capacita\u00e7\u00f5es Equipe<\/h1>\n\n\n\n<h2 class=\"blockart-heading blockart-heading-ca660866\">Sistematicamente \u00e9 realizada reuni\u00f5es e capacita\u00e7\u00f5es para a equipe que comp\u00f5e o <strong><mark style=\"background-color:rgba(0, 0, 0, 0)\" class=\"has-inline-color has-vivid-cyan-blue-color\">SAICA<\/mark><\/strong>.<br>\u00c9 um processo pelo qual os colaboradores adquirem conhecimentos, habilidades e atitudes que os tornam mais capacitados para desempenhar suas fun\u00e7\u00f5es na empresa.<\/h2>\n<\/div><\/div>\n\n\n\n<div style=\"height:100px\" aria-hidden=\"true\" class=\"wp-block-spacer\"><\/div>\n\n\n\n<div class=\"wp-block-media-text alignwide is-stacked-on-mobile is-vertically-aligned-top is-image-fill is-style-default\" style=\"grid-template-columns:30% auto\"><figure class=\"wp-block-media-text__media\" style=\"background-image:url(https:\/\/amigosdocasulo.org.br\/wp-content\/uploads\/2024\/09\/WhatsApp-Image-2024-08-06-at-10.39.31.jpeg);background-position:50% 46%\"><img loading=\"lazy\" width=\"960\" height=\"1280\" src=\"https:\/\/amigosdocasulo.org.br\/wp-content\/uploads\/2024\/09\/WhatsApp-Image-2024-08-06-at-10.39.31.jpeg\" alt=\"\" class=\"wp-image-1939 size-full\" srcset=\"https:\/\/amigosdocasulo.org.br\/wp-content\/uploads\/2024\/09\/WhatsApp-Image-2024-08-06-at-10.39.31.jpeg 960w, https:\/\/amigosdocasulo.org.br\/wp-content\/uploads\/2024\/09\/WhatsApp-Image-2024-08-06-at-10.39.31-225x300.jpeg 225w, https:\/\/amigosdocasulo.org.br\/wp-content\/uploads\/2024\/09\/WhatsApp-Image-2024-08-06-at-10.39.31-768x1024.jpeg 768w\" sizes=\"(max-width: 960px) 100vw, 960px\" \/><\/figure><div class=\"wp-block-media-text__content\">\n<h1 class=\"blockart-heading blockart-heading-0f0d0636\">\/C\u00edrculo da Justi\u00e7a Restaurativa<\/h1>\n\n\n\n<h2 class=\"blockart-heading blockart-heading-1f7bcc12\">Participamos no dia 06\/08\/2024 do c\u00edrculo da <mark style=\"background-color:rgba(0, 0, 0, 0)\" class=\"has-inline-color has-vivid-cyan-blue-color\"><strong>Justi\u00e7a Restaurativa<\/strong><\/mark> \u00e0 convite do f\u00f3rum de Nova Odessa.<br>A Justi\u00e7a Restaurativa, como filosofia, \u00e9 um conjunto de princ\u00edpios e valores que aponta para o reconhecimento dos sujeitos e a restaura\u00e7\u00e3o das nossas rupturas sociais, ocasionadas por conflitos em \u00e2mbito privado ou p\u00fablico.<\/h2>\n<\/div><\/div>\n\n\n\n<div style=\"height:100px\" aria-hidden=\"true\" class=\"wp-block-spacer\"><\/div>\n\n\n\n<div class=\"wp-block-media-text has-media-on-the-right is-stacked-on-mobile is-vertically-aligned-top is-image-fill is-style-default\" style=\"grid-template-columns:auto 43%\"><figure class=\"wp-block-media-text__media\" style=\"background-image:url(http:\/\/amigosdocasulo.org.br\/wp-content\/uploads\/2023\/10\/palestra_4-1024x682.jpeg);background-position:18% 68%\"><img loading=\"lazy\" width=\"1024\" height=\"682\" src=\"http:\/\/amigosdocasulo.org.br\/wp-content\/uploads\/2023\/10\/palestra_4-1024x682.jpeg\" alt=\"\" class=\"wp-image-1822 size-full\" srcset=\"https:\/\/amigosdocasulo.org.br\/wp-content\/uploads\/2023\/10\/palestra_4-1024x682.jpeg 1024w, https:\/\/amigosdocasulo.org.br\/wp-content\/uploads\/2023\/10\/palestra_4-300x200.jpeg 300w, https:\/\/amigosdocasulo.org.br\/wp-content\/uploads\/2023\/10\/palestra_4-768x512.jpeg 768w, https:\/\/amigosdocasulo.org.br\/wp-content\/uploads\/2023\/10\/palestra_4-1536x1023.jpeg 1536w, https:\/\/amigosdocasulo.org.br\/wp-content\/uploads\/2023\/10\/palestra_4.jpeg 1600w\" sizes=\"(max-width: 1024px) 100vw, 1024px\" \/><\/figure><div class=\"wp-block-media-text__content\">\n<h1 class=\"blockart-heading blockart-heading-5dde99f6\">\/Palestra &#8211; Viol\u00eancia Sexual<\/h1>\n\n\n\n<h2 class=\"blockart-heading blockart-heading-8a380d62\">Agrade\u00e7emos imensamente a profissional <mark style=\"background-color:rgba(0, 0, 0, 0)\" class=\"has-inline-color has-vivid-cyan-blue-color\"><strong>Cristina Marcondes<\/strong> <\/mark>&#8211; Psic\u00f3loga\/Psicanalista  pela oportunidade de capacita\u00e7\u00e3o profissional de nossa equipe da Casa Abrigo Casulo. Cristina ministrou uma palestra sobre viol\u00eancia sexual e suas consequ\u00eancias para o desenvolvimento psicoafetivo das crian\u00e7as, um assunto de extrema import\u00e2ncia que ir\u00e1 auxiliar nossos profissionais a melhor atender futuras crian\u00e7as. A palestra aconteceu no dia 06 de Outubro e foi hospedado em uma sala cedida pela <mark style=\"background-color:rgba(0, 0, 0, 0)\" class=\"has-inline-color has-vivid-cyan-blue-color\"><strong>ACINO<\/strong><\/mark>.<\/h2>\n<\/div><\/div>\n\n\n\n<div style=\"height:150px\" aria-hidden=\"true\" class=\"wp-block-spacer\"><\/div>\n\n\n\n<h2 class=\"blockart-heading blockart-heading-d1ef5b49\"><\/h2>\n","protected":false},"excerpt":{"rendered":"","protected":false},"author":1,"featured_media":0,"parent":0,"menu_order":0,"comment_status":"open","ping_status":"closed","template":"page-templates\/pagebuilder.php","meta":{"_monsterinsights_skip_tracking":false,"_monsterinsights_sitenote_active":false,"_monsterinsights_sitenote_note":"","_monsterinsights_sitenote_category":0},"aioseo_notices":[],"_links":{"self":[{"href":"https:\/\/amigosdocasulo.org.br\/index.php\/wp-json\/wp\/v2\/pages\/1079"}],"collection":[{"href":"https:\/\/amigosdocasulo.org.br\/index.php\/wp-json\/wp\/v2\/pages"}],"about":[{"href":"https:\/\/amigosdocasulo.org.br\/index.php\/wp-json\/wp\/v2\/types\/page"}],"author":[{"embeddable":true,"href":"https:\/\/amigosdocasulo.org.br\/index.php\/wp-json\/wp\/v2\/users\/1"}],"replies":[{"embeddable":true,"href":"https:\/\/amigosdocasulo.org.br\/index.php\/wp-json\/wp\/v2\/comments?post=1079"}],"version-history":[{"count":227,"href":"https:\/\/amigosdocasulo.org.br\/index.php\/wp-json\/wp\/v2\/pages\/1079\/revisions"}],"predecessor-version":[{"id":2751,"href":"https:\/\/amigosdocasulo.org.br\/index.php\/wp-json\/wp\/v2\/pages\/1079\/revisions\/2751"}],"wp:attachment":[{"href":"https:\/\/amigosdocasulo.org.br\/index.php\/wp-json\/wp\/v2\/media?parent=1079"}],"curies":[{"name":"wp","href":"https:\/\/api.w.org\/{rel}","templated":true}]}}