{"id":1176,"date":"2022-08-10T23:38:07","date_gmt":"2022-08-10T23:38:07","guid":{"rendered":"http:\/\/amigosdocasulo.org.br\/?page_id=1176"},"modified":"2025-04-06T22:40:06","modified_gmt":"2025-04-06T22:40:06","slug":"equipe","status":"publish","type":"page","link":"https:\/\/amigosdocasulo.org.br\/index.php\/equipe\/","title":{"rendered":"Equipe"},"content":{"rendered":"\n<div class=\"blockart-section blockart-section-9ae0fb4f\"><div class=\"blockart-container\"><div class=\"blockart-section-inner\">\n<div class=\"blockart-column blockart-column-9547716d\"><div class=\"blockart-column-inner align-center\">\n<h1 class=\"blockart-heading blockart-heading-8bfaf29e\">\/Nossa Equipe T\u00e9cnica<\/h1>\n\n\n\n<div style=\"height:50px\" aria-hidden=\"true\" class=\"wp-block-spacer\"><\/div>\n\n\n\n<div class=\"blockart-section blockart-section-9c7259f1\"><div class=\"blockart-container\"><div class=\"blockart-section-inner\">\n<div class=\"blockart-column blockart-column-6034e86c\"><div class=\"blockart-column-inner\">\n<figure class=\"blockart-image blockart-image-c2354f97\"><img class=\"hover-effect-static filter-none mask mask-none\" src=\"http:\/\/amigosdocasulo.org.br\/wp-content\/uploads\/2024\/03\/Tathiana_Z-1.jpg\" alt=\"\"\/><\/figure>\n\n\n\n<h3 class=\"blockart-heading blockart-heading-d91c3afa\">Tathiana Z. Miguez<\/h3>\n\n\n\n<h5 class=\"blockart-heading blockart-heading-2c9e1418\">Coordenadora\/Diretora<br>Bacharel de Direito pela Faculdade UNIMEP de Piracicaba (2005)<\/h5>\n<\/div><\/div>\n<\/div><\/div><\/div>\n\n\n\n<div style=\"height:100px\" aria-hidden=\"true\" class=\"wp-block-spacer\"><\/div>\n<\/div><\/div>\n<\/div><\/div><\/div>\n\n\n\n<div class=\"wp-container-3 wp-block-group\"><div class=\"wp-block-group__inner-container\">\n<div class=\"wp-container-1 wp-block-group\"><div class=\"wp-block-group__inner-container\">\n<figure class=\"blockart-image blockart-image-b1a47b06\"><img loading=\"lazy\" class=\"wp-image-2460 hover-effect-static filter-none mask mask-none\" src=\"http:\/\/amigosdocasulo.org.br\/wp-content\/uploads\/2024\/09\/danileli.jpg\" alt=\"\" height=\"1600\" width=\"1297\" srcset=\"https:\/\/amigosdocasulo.org.br\/wp-content\/uploads\/2024\/09\/danileli.jpg 1297w, https:\/\/amigosdocasulo.org.br\/wp-content\/uploads\/2024\/09\/danileli-243x300.jpg 243w, https:\/\/amigosdocasulo.org.br\/wp-content\/uploads\/2024\/09\/danileli-830x1024.jpg 830w, https:\/\/amigosdocasulo.org.br\/wp-content\/uploads\/2024\/09\/danileli-768x947.jpg 768w, https:\/\/amigosdocasulo.org.br\/wp-content\/uploads\/2024\/09\/danileli-1245x1536.jpg 1245w\" sizes=\"(max-width: 1297px) 100vw, 1297px\" \/><\/figure>\n\n\n\n<h3 class=\"blockart-heading blockart-heading-b1a47b06\">Danieli Baio Guariento<\/h3>\n\n\n\n<h5 class=\"blockart-heading blockart-heading-e9da963d\">Assistente Social<br>Forma\u00e7\u00e3o Acad\u00eamica: Bacharel em Servi\u00e7o Social, 2014<br>P\u00f3s-gradua\u00e7\u00e3o em Gest\u00e3o de Recursos Humanos, 2016<br>Institui\u00e7\u00e3o: UNISAL &#8211; Centro Universit\u00e1rio Salesiano de S\u00e3o Paulo<\/h5>\n<\/div><\/div>\n\n\n\n<div style=\"height:100px\" aria-hidden=\"true\" class=\"wp-block-spacer\"><\/div>\n\n\n\n<div class=\"wp-container-2 wp-block-group\"><div class=\"wp-block-group__inner-container\">\n<figure class=\"blockart-image blockart-image-49cf2eaa\"><img loading=\"lazy\" class=\"wp-image-2687 hover-effect-static filter-none mask mask-none\" src=\"http:\/\/amigosdocasulo.org.br\/wp-content\/uploads\/2025\/04\/Bruna.jpg\" alt=\"\" height=\"1084\" width=\"1080\" srcset=\"https:\/\/amigosdocasulo.org.br\/wp-content\/uploads\/2025\/04\/Bruna.jpg 1080w, https:\/\/amigosdocasulo.org.br\/wp-content\/uploads\/2025\/04\/Bruna-300x300.jpg 300w, https:\/\/amigosdocasulo.org.br\/wp-content\/uploads\/2025\/04\/Bruna-1020x1024.jpg 1020w, https:\/\/amigosdocasulo.org.br\/wp-content\/uploads\/2025\/04\/Bruna-150x150.jpg 150w, https:\/\/amigosdocasulo.org.br\/wp-content\/uploads\/2025\/04\/Bruna-768x771.jpg 768w\" sizes=\"(max-width: 1080px) 100vw, 1080px\" \/><\/figure>\n\n\n\n<h3 class=\"blockart-heading blockart-heading-1c27549c\">Bruna Brito da Silva<\/h3>\n\n\n\n<h5 class=\"blockart-heading blockart-heading-3296b623\">Psic\u00f3loga<br>CRP\u00a0147424<br><\/h5>\n<\/div><\/div>\n\n\n\n<div style=\"height:100px\" aria-hidden=\"true\" class=\"wp-block-spacer\"><\/div>\n\n\n\n<h1 class=\"blockart-heading blockart-heading-4c2fc721\">\/Venha fazer parte da nossa equipe<\/h1>\n\n\n\n<div style=\"height:50px\" aria-hidden=\"true\" class=\"wp-block-spacer\"><\/div>\n\n\n\n<h3 class=\"blockart-heading blockart-heading-cc18c9b0 is-large\"><br>Estamos Contratando !<br><strong><mark style=\"background-color:rgba(0, 0, 0, 0)\" class=\"has-inline-color has-vivid-cyan-blue-color\">CUIDADORA<\/mark><\/strong><br>Pr\u00e9 Requisitos<br> \u2022 Ensino M\u00e9dio Completo;<br> \u2022 Residir em Nova Odessa;<br> \u2022 Experi\u00eancia na fun\u00e7\u00e3o;<br> \u2022 Disponibilidade para escala 6&#215;2;<br>Interessados podem enviar seu curr\u00edculo para: casulo.social@hotmail.com<br><br><\/h3>\n\n\n\n<div style=\"height:100px\" aria-hidden=\"true\" class=\"wp-block-spacer\"><\/div>\n\n\n\n<h3 class=\"blockart-heading blockart-heading-212562b3 is-large\"><br><strong><mark style=\"background-color:rgba(0, 0, 0, 0)\" class=\"has-inline-color has-vivid-cyan-blue-color\">VAGA VOLUNT\u00c1RIO &#8211; PSICOTERAPIA PARA OS ACOLHIDOS<\/mark><\/strong><br><br>Entre as atribui\u00e7\u00f5es da Psic\u00f3loga do <mark style=\"background-color:rgba(0, 0, 0, 0)\" class=\"has-inline-color has-vivid-cyan-blue-color\"><strong>SAICA <\/strong><\/mark>est\u00e1 o acompanhamento dos processos da Vara da Inf\u00e2ncia e Juventude, das fam\u00edlias e dos acolhidos, contribuindo com orienta\u00e7\u00f5es t\u00e9cnicas \u00e0s educadoras em rela\u00e7\u00e3o \u00e0s demandas individuais de cada crian\u00e7a e adolescente.<br>Por quest\u00f5es \u00e9ticas, ela n\u00e3o pode atender nossos pequenos e, assim, volunt\u00e1rios na \u00e1rea da psicologia cl\u00ednica s\u00e3o extremamente importantes para que a crian\u00e7a ou adolescente compreendam, elaborem e superem suas dificuldades, melhorando sua autoestima, para se sentirem mais seguros e fortalecidos.<br>Estamos com vagas para esse voluntariado! Caso voc\u00ea possa atender uma de nossas crian\u00e7as ou adolescentes em seu consult\u00f3rio, entre em contato pelo <strong><mark style=\"background-color:rgba(0, 0, 0, 0)\" class=\"has-inline-color has-vivid-cyan-blue-color\"><a href=\"https:\/\/amigosdocasulo.org.br\/index.php\/contact\/\" title=\"WhastApp\">WhastApp<\/a><\/mark> <\/strong>ou e-mail casulo.social@hotmail.com<br><br><\/h3>\n<\/div><\/div>\n\n\n\n<div style=\"height:150px\" aria-hidden=\"true\" class=\"wp-block-spacer\"><\/div>\n","protected":false},"excerpt":{"rendered":"","protected":false},"author":1,"featured_media":0,"parent":0,"menu_order":0,"comment_status":"closed","ping_status":"closed","template":"page-templates\/pagebuilder.php","meta":{"_monsterinsights_skip_tracking":false,"_monsterinsights_sitenote_active":false,"_monsterinsights_sitenote_note":"","_monsterinsights_sitenote_category":0},"aioseo_notices":[],"_links":{"self":[{"href":"https:\/\/amigosdocasulo.org.br\/index.php\/wp-json\/wp\/v2\/pages\/1176"}],"collection":[{"href":"https:\/\/amigosdocasulo.org.br\/index.php\/wp-json\/wp\/v2\/pages"}],"about":[{"href":"https:\/\/amigosdocasulo.org.br\/index.php\/wp-json\/wp\/v2\/types\/page"}],"author":[{"embeddable":true,"href":"https:\/\/amigosdocasulo.org.br\/index.php\/wp-json\/wp\/v2\/users\/1"}],"replies":[{"embeddable":true,"href":"https:\/\/amigosdocasulo.org.br\/index.php\/wp-json\/wp\/v2\/comments?post=1176"}],"version-history":[{"count":85,"href":"https:\/\/amigosdocasulo.org.br\/index.php\/wp-json\/wp\/v2\/pages\/1176\/revisions"}],"predecessor-version":[{"id":2690,"href":"https:\/\/amigosdocasulo.org.br\/index.php\/wp-json\/wp\/v2\/pages\/1176\/revisions\/2690"}],"wp:attachment":[{"href":"https:\/\/amigosdocasulo.org.br\/index.php\/wp-json\/wp\/v2\/media?parent=1176"}],"curies":[{"name":"wp","href":"https:\/\/api.w.org\/{rel}","templated":true}]}}