{"id":582,"date":"2021-12-13T05:24:19","date_gmt":"2021-12-13T05:24:19","guid":{"rendered":"https:\/\/blockart-agency.sites.qsandbox.com\/?page_id=582"},"modified":"2025-10-06T19:17:45","modified_gmt":"2025-10-06T19:17:45","slug":"contact","status":"publish","type":"page","link":"https:\/\/amigosdocasulo.org.br\/index.php\/contact\/","title":{"rendered":"Doa\u00e7\u00f5es"},"content":{"rendered":"\n<div class=\"blockart-section blockart-section-902b4a7f\"><div class=\"blockart-container\"><div class=\"blockart-section-inner\">\n<div class=\"blockart-column blockart-column-2d9bfab0\"><div class=\"blockart-column-inner\">\n<div style=\"height:50px\" aria-hidden=\"true\" class=\"wp-block-spacer\"><\/div>\n\n\n\n<figure class=\"blockart-image blockart-image-d0ab80c4\"><img loading=\"lazy\" width=\"1410\" height=\"459\" class=\"wp-image-2745 hover-effect-static filter-none mask mask-none\" src=\"https:\/\/amigosdocasulo.org.br\/wp-content\/uploads\/2025\/10\/generosidade-1.png\" alt=\"\" srcset=\"https:\/\/amigosdocasulo.org.br\/wp-content\/uploads\/2025\/10\/generosidade-1.png 1410w, https:\/\/amigosdocasulo.org.br\/wp-content\/uploads\/2025\/10\/generosidade-1-300x98.png 300w, https:\/\/amigosdocasulo.org.br\/wp-content\/uploads\/2025\/10\/generosidade-1-1024x333.png 1024w, https:\/\/amigosdocasulo.org.br\/wp-content\/uploads\/2025\/10\/generosidade-1-768x250.png 768w\" sizes=\"(max-width: 1410px) 100vw, 1410px\" \/><\/figure>\n<\/div><\/div>\n<\/div><\/div><\/div>\n\n\n\n<div style=\"height:50px\" aria-hidden=\"true\" class=\"wp-block-spacer\"><\/div>\n\n\n\n<h2 class=\"blockart-heading blockart-heading-23df0f12\"><strong>BRADESCO<\/strong><br>Nova Odessa<br>Ag\u00eancia &#8211; 0317<br>Conta Corrente &#8211; 0215292-4<br>Associa\u00e7\u00e3o Amigos do Casulo<br><br><strong>PIX<\/strong><br>CNPJ: 06.164.247\/0001-20<\/h2>\n\n\n\n<div style=\"height:50px\" aria-hidden=\"true\" class=\"wp-block-spacer\"><\/div>\n\n\n\n<figure class=\"blockart-image blockart-image-05dc9dfb\"><img loading=\"lazy\" width=\"1080\" height=\"1350\" class=\"wp-image-2692 hover-effect-static filter-none mask mask-none\" src=\"https:\/\/amigosdocasulo.org.br\/wp-content\/uploads\/2025\/05\/ARTE-NF.png\" alt=\"\" srcset=\"https:\/\/amigosdocasulo.org.br\/wp-content\/uploads\/2025\/05\/ARTE-NF.png 1080w, https:\/\/amigosdocasulo.org.br\/wp-content\/uploads\/2025\/05\/ARTE-NF-240x300.png 240w, https:\/\/amigosdocasulo.org.br\/wp-content\/uploads\/2025\/05\/ARTE-NF-819x1024.png 819w, https:\/\/amigosdocasulo.org.br\/wp-content\/uploads\/2025\/05\/ARTE-NF-768x960.png 768w\" sizes=\"(max-width: 1080px) 100vw, 1080px\" \/><\/figure>\n\n\n\n<div style=\"height:50px\" aria-hidden=\"true\" class=\"wp-block-spacer\"><\/div>\n\n\n\n<div class=\"aligncenter blockart-section blockart-section-5130aa3e aligncenter\"><div class=\"blockart-container\"><div class=\"blockart-section-inner\">\n<div id=\"\" class=\"blockart-column blockart-column-8d191254\"><div class=\"blockart-column-inner\">\n<h2 class=\"blockart-heading blockart-heading-faee202e\">Endere\u00e7o<\/h2>\n\n\n\n<h2 class=\"blockart-heading blockart-heading-52236cfa\">Rua Quinze de Novembro, 1537<br>Santa Rosa, Nova Odessa &#8211; SP<\/h2>\n<\/div><\/div>\n<\/div><\/div><\/div>\n\n\n\n<div style=\"height:30px\" aria-hidden=\"true\" class=\"wp-block-spacer\"><\/div>\n\n\n\n<div class=\"blockart-section blockart-section-489933ad\"><div class=\"blockart-container\"><div class=\"blockart-section-inner\">\n<div id=\"\" class=\"blockart-column blockart-column-5675b79d\"><div class=\"blockart-column-inner\">\n<h2 id=\"\" class=\"blockart-heading blockart-heading-b93eafc4\">Email<\/h2>\n\n\n\n<h2 class=\"blockart-heading blockart-heading-f5ea83be\">casulo.social@hotmail.com<br>casulo.no@hotmail.com<\/h2>\n<\/div><\/div>\n<\/div><\/div><\/div>\n\n\n\n<div style=\"height:30px\" aria-hidden=\"true\" class=\"wp-block-spacer\"><\/div>\n\n\n\n<div class=\"blockart-section blockart-section-c631db8c\"><div class=\"blockart-container\"><div class=\"blockart-section-inner\">\n<div id=\"\" class=\"blockart-column blockart-column-3460617d\"><div class=\"blockart-column-inner\">\n<h2 class=\"blockart-heading blockart-heading-6ed14185\">Telefone \/ Whatsapp<\/h2>\n\n\n\n<h2 class=\"blockart-heading blockart-heading-dd2fb135\">(19) 99251 &#8211; 5146<\/h2>\n<\/div><\/div>\n<\/div><\/div><\/div>\n\n\n\n<div style=\"height:50px\" aria-hidden=\"true\" class=\"wp-block-spacer\"><\/div>\n\n\n\n<div class=\"blockart-section blockart-section-979ffdef\"><div class=\"blockart-container-fluid\"><div class=\"blockart-section-inner\">\n<div class=\"blockart-column blockart-column-9d2964c2\"><div class=\"blockart-column-inner\">\n<iframe src=\"https:\/\/www.google.com\/maps\/embed?pb=!1m18!1m12!1m3!1d788.3121779391047!2d-47.29258876119422!3d-22.78927445672512!2m3!1f0!2f0!3f0!3m2!1i1024!2i768!4f13.1!3m3!1m2!1s0x94c8982584a10299%3A0x3080c47df54ee898!2sAssocia%C3%A7%C3%A3o%20Amigos%20do%20Casulo!5e0!3m2!1sen!2sbr!4v1660176478211!5m2!1sen!2sbr\" width=\"2600\" height=\"450\" style=\"border:0;\" allowfullscreen=\"\" loading=\"lazy\" referrerpolicy=\"no-referrer-when-downgrade\"><\/iframe>\n<\/div><\/div>\n<\/div><\/div><\/div>\n","protected":false},"excerpt":{"rendered":"","protected":false},"author":1,"featured_media":0,"parent":0,"menu_order":0,"comment_status":"closed","ping_status":"closed","template":"page-templates\/pagebuilder.php","meta":{"_monsterinsights_skip_tracking":false,"_monsterinsights_sitenote_active":false,"_monsterinsights_sitenote_note":"","_monsterinsights_sitenote_category":0},"aioseo_notices":[],"_links":{"self":[{"href":"https:\/\/amigosdocasulo.org.br\/index.php\/wp-json\/wp\/v2\/pages\/582"}],"collection":[{"href":"https:\/\/amigosdocasulo.org.br\/index.php\/wp-json\/wp\/v2\/pages"}],"about":[{"href":"https:\/\/amigosdocasulo.org.br\/index.php\/wp-json\/wp\/v2\/types\/page"}],"author":[{"embeddable":true,"href":"https:\/\/amigosdocasulo.org.br\/index.php\/wp-json\/wp\/v2\/users\/1"}],"replies":[{"embeddable":true,"href":"https:\/\/amigosdocasulo.org.br\/index.php\/wp-json\/wp\/v2\/comments?post=582"}],"version-history":[{"count":139,"href":"https:\/\/amigosdocasulo.org.br\/index.php\/wp-json\/wp\/v2\/pages\/582\/revisions"}],"predecessor-version":[{"id":2746,"href":"https:\/\/amigosdocasulo.org.br\/index.php\/wp-json\/wp\/v2\/pages\/582\/revisions\/2746"}],"wp:attachment":[{"href":"https:\/\/amigosdocasulo.org.br\/index.php\/wp-json\/wp\/v2\/media?parent=582"}],"curies":[{"name":"wp","href":"https:\/\/api.w.org\/{rel}","templated":true}]}}